{"id":204,"date":"2019-09-02T16:19:08","date_gmt":"2019-09-02T19:19:08","guid":{"rendered":"http:\/\/tallesbarreto.com.br\/site\/?page_id=204"},"modified":"2021-09-30T11:04:47","modified_gmt":"2021-09-30T14:04:47","slug":"contato","status":"publish","type":"page","link":"https:\/\/tallesbarreto.com.br\/site\/index.php\/contato\/","title":{"rendered":"Contato e Endere\u00e7o"},"content":{"rendered":"\n<hr class=\"wp-block-separator\"\/>\n\n\n\n<p><strong>Telefone Escrit\u00f3rio Pol\u00edtico &#8211; Setor Sul<\/strong><br>62\u00a03920-0433 <\/p>\n\n\n\n<p><strong>Telefone Gabinete &#8211; Assembleia Legislativa de Goi\u00e1s <\/strong><br>62 3221-3209<\/p>\n\n\n\n<hr class=\"wp-block-separator\"\/>\n\n\n\n<p><strong>Endere\u00e7o<\/strong> <strong>para correspond\u00eancias<\/strong><br>Rua 92 B N\u00ba 55 QD F14 LT 01<br>Setor Sul<br>Goi\u00e2nia &#8211; GO<br>CEP 74083-210 <\/p>\n\n\n\n<hr class=\"wp-block-separator\"\/>\n\n\n\n<p><strong>Formul\u00e1rio de Contato<\/strong><\/p>\n\n\n\n<iframe src=\"https:\/\/tallesbarreto.com.br\/site\/custom\/form-01.php\" style=\"width: 640px; height: 700px; border: none;\"><\/iframe>\n\n\n\n<hr class=\"wp-block-separator\"\/>\n\n\n\n<h2>Escrit\u00f3rio Pol\u00edtico<\/h2>\n\n\n\n<p><strong>Telefone<\/strong><br>62 3920-0433 <\/p>\n\n\n\n<p><strong>Endere\u00e7o<\/strong><br>Rua 92 B N\u00ba 55 QD F14 LT 01<br>Setor Sul<br>Goi\u00e2nia &#8211; GO<br>CEP 74083-210   <\/p>\n\n\n\n<iframe src=\"https:\/\/www.google.com\/maps\/embed?pb=!1m18!1m12!1m3!1d3821.880260628297!2d-49.252305348812726!3d-16.68287428844791!2m3!1f0!2f0!3f0!3m2!1i1024!2i768!4f13.1!3m3!1m2!1s0x935ef174eea541dd%3A0xbfe382827eae3218!2sTalles%20Barreto%20-%20Escrit%C3%B3rio%20Pol%C3%ADtico!5e0!3m2!1spt-BR!2sbr!4v1633010538454!5m2!1spt-BR!2sbr\" width=\"100%\" height=\"380\" style=\"border:0;\" allowfullscreen=\"\" loading=\"lazy\"><\/iframe>\n\n\n\n<p><\/p>\n","protected":false},"excerpt":{"rendered":"<p>Telefone Escrit\u00f3rio Pol\u00edtico &#8211; Setor Sul62\u00a03920-0433 Telefone Gabinete &#8211; Assembleia Legislativa de Goi\u00e1s 62 3221-3209 Endere\u00e7o para correspond\u00eanciasRua 92 B N\u00ba 55 QD F14 LT 01Setor SulGoi\u00e2nia &#8211; GOCEP 74083-210 Formul\u00e1rio de Contato Escrit\u00f3rio Pol\u00edtico Telefone62 3920-0433 Endere\u00e7oRua 92 B N\u00ba 55 QD F14 LT 01Setor SulGoi\u00e2nia &#8211; GOCEP 74083-210<\/p>\n","protected":false},"author":1,"featured_media":0,"parent":0,"menu_order":2,"comment_status":"closed","ping_status":"closed","template":"page-fullwidth.php","meta":{"spay_email":""},"yoast_head":"<!-- This site is optimized with the Yoast SEO plugin v19.4 - https:\/\/yoast.com\/wordpress\/plugins\/seo\/ -->\n<title>Contato e Endere\u00e7o - Deputado Estadual Talles Barreto<\/title>\n<meta name=\"robots\" content=\"index, follow, max-snippet:-1, max-image-preview:large, max-video-preview:-1\" \/>\n<link rel=\"canonical\" href=\"https:\/\/tallesbarreto.com.br\/site\/index.php\/contato\/\" \/>\n<meta property=\"og:locale\" content=\"pt_BR\" \/>\n<meta property=\"og:type\" content=\"article\" \/>\n<meta property=\"og:title\" content=\"Contato e Endere\u00e7o - Deputado Estadual Talles Barreto\" \/>\n<meta property=\"og:description\" content=\"Telefone Escrit\u00f3rio Pol\u00edtico &#8211; Setor Sul62\u00a03920-0433 Telefone Gabinete &#8211; Assembleia Legislativa de Goi\u00e1s 62 3221-3209 Endere\u00e7o para correspond\u00eanciasRua 92 B N\u00ba 55 QD F14 LT 01Setor SulGoi\u00e2nia &#8211; GOCEP 74083-210 Formul\u00e1rio de Contato Escrit\u00f3rio Pol\u00edtico Telefone62 3920-0433 Endere\u00e7oRua 92 B N\u00ba 55 QD F14 LT 01Setor SulGoi\u00e2nia &#8211; GOCEP 74083-210\" \/>\n<meta property=\"og:url\" content=\"https:\/\/tallesbarreto.com.br\/site\/index.php\/contato\/\" \/>\n<meta property=\"og:site_name\" content=\"Deputado Estadual Talles Barreto\" \/>\n<meta property=\"article:publisher\" content=\"https:\/\/www.facebook.com\/deputadotallesbarreto\/\" \/>\n<meta property=\"article:modified_time\" content=\"2021-09-30T14:04:47+00:00\" \/>\n<meta name=\"twitter:card\" content=\"summary_large_image\" \/>\n<meta name=\"twitter:site\" content=\"@talles_barreto\" \/>\n<script type=\"application\/ld+json\" class=\"yoast-schema-graph\">{\"@context\":\"https:\/\/schema.org\",\"@graph\":[{\"@type\":\"Organization\",\"@id\":\"https:\/\/tallesbarreto.com.br\/site\/#organization\",\"name\":\"Deputado Estadual Talles Barreto\",\"url\":\"https:\/\/tallesbarreto.com.br\/site\/\",\"sameAs\":[\"https:\/\/www.instagram.com\/deputadotallesbarreto\/\",\"https:\/\/www.facebook.com\/deputadotallesbarreto\/\",\"https:\/\/twitter.com\/talles_barreto\"],\"logo\":{\"@type\":\"ImageObject\",\"inLanguage\":\"pt-BR\",\"@id\":\"https:\/\/tallesbarreto.com.br\/site\/#\/schema\/logo\/image\/\",\"url\":\"https:\/\/tallesbarreto.com.br\/site\/wp-content\/uploads\/2019\/09\/logo-1.png\",\"contentUrl\":\"https:\/\/tallesbarreto.com.br\/site\/wp-content\/uploads\/2019\/09\/logo-1.png\",\"width\":2481,\"height\":1226,\"caption\":\"Deputado Estadual Talles Barreto\"},\"image\":{\"@id\":\"https:\/\/tallesbarreto.com.br\/site\/#\/schema\/logo\/image\/\"}},{\"@type\":\"WebSite\",\"@id\":\"https:\/\/tallesbarreto.com.br\/site\/#website\",\"url\":\"https:\/\/tallesbarreto.com.br\/site\/\",\"name\":\"Deputado Estadual Talles Barreto\",\"description\":\"\",\"publisher\":{\"@id\":\"https:\/\/tallesbarreto.com.br\/site\/#organization\"},\"potentialAction\":[{\"@type\":\"SearchAction\",\"target\":{\"@type\":\"EntryPoint\",\"urlTemplate\":\"https:\/\/tallesbarreto.com.br\/site\/?s={search_term_string}\"},\"query-input\":\"required name=search_term_string\"}],\"inLanguage\":\"pt-BR\"},{\"@type\":\"WebPage\",\"@id\":\"https:\/\/tallesbarreto.com.br\/site\/index.php\/contato\/\",\"url\":\"https:\/\/tallesbarreto.com.br\/site\/index.php\/contato\/\",\"name\":\"Contato e Endere\u00e7o - Deputado Estadual Talles Barreto\",\"isPartOf\":{\"@id\":\"https:\/\/tallesbarreto.com.br\/site\/#website\"},\"datePublished\":\"2019-09-02T19:19:08+00:00\",\"dateModified\":\"2021-09-30T14:04:47+00:00\",\"breadcrumb\":{\"@id\":\"https:\/\/tallesbarreto.com.br\/site\/index.php\/contato\/#breadcrumb\"},\"inLanguage\":\"pt-BR\",\"potentialAction\":[{\"@type\":\"ReadAction\",\"target\":[\"https:\/\/tallesbarreto.com.br\/site\/index.php\/contato\/\"]}]},{\"@type\":\"BreadcrumbList\",\"@id\":\"https:\/\/tallesbarreto.com.br\/site\/index.php\/contato\/#breadcrumb\",\"itemListElement\":[{\"@type\":\"ListItem\",\"position\":1,\"name\":\"In\u00edcio\",\"item\":\"https:\/\/tallesbarreto.com.br\/site\/\"},{\"@type\":\"ListItem\",\"position\":2,\"name\":\"Contato e Endere\u00e7o\"}]}]}<\/script>\n<!-- \/ Yoast SEO plugin. -->","yoast_head_json":{"title":"Contato e Endere\u00e7o - Deputado Estadual Talles Barreto","robots":{"index":"index","follow":"follow","max-snippet":"max-snippet:-1","max-image-preview":"max-image-preview:large","max-video-preview":"max-video-preview:-1"},"canonical":"https:\/\/tallesbarreto.com.br\/site\/index.php\/contato\/","og_locale":"pt_BR","og_type":"article","og_title":"Contato e Endere\u00e7o - Deputado Estadual Talles Barreto","og_description":"Telefone Escrit\u00f3rio Pol\u00edtico &#8211; Setor Sul62\u00a03920-0433 Telefone Gabinete &#8211; Assembleia Legislativa de Goi\u00e1s 62 3221-3209 Endere\u00e7o para correspond\u00eanciasRua 92 B N\u00ba 55 QD F14 LT 01Setor SulGoi\u00e2nia &#8211; GOCEP 74083-210 Formul\u00e1rio de Contato Escrit\u00f3rio Pol\u00edtico Telefone62 3920-0433 Endere\u00e7oRua 92 B N\u00ba 55 QD F14 LT 01Setor SulGoi\u00e2nia &#8211; GOCEP 74083-210","og_url":"https:\/\/tallesbarreto.com.br\/site\/index.php\/contato\/","og_site_name":"Deputado Estadual Talles Barreto","article_publisher":"https:\/\/www.facebook.com\/deputadotallesbarreto\/","article_modified_time":"2021-09-30T14:04:47+00:00","twitter_card":"summary_large_image","twitter_site":"@talles_barreto","schema":{"@context":"https:\/\/schema.org","@graph":[{"@type":"Organization","@id":"https:\/\/tallesbarreto.com.br\/site\/#organization","name":"Deputado Estadual Talles Barreto","url":"https:\/\/tallesbarreto.com.br\/site\/","sameAs":["https:\/\/www.instagram.com\/deputadotallesbarreto\/","https:\/\/www.facebook.com\/deputadotallesbarreto\/","https:\/\/twitter.com\/talles_barreto"],"logo":{"@type":"ImageObject","inLanguage":"pt-BR","@id":"https:\/\/tallesbarreto.com.br\/site\/#\/schema\/logo\/image\/","url":"https:\/\/tallesbarreto.com.br\/site\/wp-content\/uploads\/2019\/09\/logo-1.png","contentUrl":"https:\/\/tallesbarreto.com.br\/site\/wp-content\/uploads\/2019\/09\/logo-1.png","width":2481,"height":1226,"caption":"Deputado Estadual Talles Barreto"},"image":{"@id":"https:\/\/tallesbarreto.com.br\/site\/#\/schema\/logo\/image\/"}},{"@type":"WebSite","@id":"https:\/\/tallesbarreto.com.br\/site\/#website","url":"https:\/\/tallesbarreto.com.br\/site\/","name":"Deputado Estadual Talles Barreto","description":"","publisher":{"@id":"https:\/\/tallesbarreto.com.br\/site\/#organization"},"potentialAction":[{"@type":"SearchAction","target":{"@type":"EntryPoint","urlTemplate":"https:\/\/tallesbarreto.com.br\/site\/?s={search_term_string}"},"query-input":"required name=search_term_string"}],"inLanguage":"pt-BR"},{"@type":"WebPage","@id":"https:\/\/tallesbarreto.com.br\/site\/index.php\/contato\/","url":"https:\/\/tallesbarreto.com.br\/site\/index.php\/contato\/","name":"Contato e Endere\u00e7o - Deputado Estadual Talles Barreto","isPartOf":{"@id":"https:\/\/tallesbarreto.com.br\/site\/#website"},"datePublished":"2019-09-02T19:19:08+00:00","dateModified":"2021-09-30T14:04:47+00:00","breadcrumb":{"@id":"https:\/\/tallesbarreto.com.br\/site\/index.php\/contato\/#breadcrumb"},"inLanguage":"pt-BR","potentialAction":[{"@type":"ReadAction","target":["https:\/\/tallesbarreto.com.br\/site\/index.php\/contato\/"]}]},{"@type":"BreadcrumbList","@id":"https:\/\/tallesbarreto.com.br\/site\/index.php\/contato\/#breadcrumb","itemListElement":[{"@type":"ListItem","position":1,"name":"In\u00edcio","item":"https:\/\/tallesbarreto.com.br\/site\/"},{"@type":"ListItem","position":2,"name":"Contato e Endere\u00e7o"}]}]}},"_links":{"self":[{"href":"https:\/\/tallesbarreto.com.br\/site\/index.php\/wp-json\/wp\/v2\/pages\/204"}],"collection":[{"href":"https:\/\/tallesbarreto.com.br\/site\/index.php\/wp-json\/wp\/v2\/pages"}],"about":[{"href":"https:\/\/tallesbarreto.com.br\/site\/index.php\/wp-json\/wp\/v2\/types\/page"}],"author":[{"embeddable":true,"href":"https:\/\/tallesbarreto.com.br\/site\/index.php\/wp-json\/wp\/v2\/users\/1"}],"replies":[{"embeddable":true,"href":"https:\/\/tallesbarreto.com.br\/site\/index.php\/wp-json\/wp\/v2\/comments?post=204"}],"version-history":[{"count":25,"href":"https:\/\/tallesbarreto.com.br\/site\/index.php\/wp-json\/wp\/v2\/pages\/204\/revisions"}],"predecessor-version":[{"id":1090,"href":"https:\/\/tallesbarreto.com.br\/site\/index.php\/wp-json\/wp\/v2\/pages\/204\/revisions\/1090"}],"wp:attachment":[{"href":"https:\/\/tallesbarreto.com.br\/site\/index.php\/wp-json\/wp\/v2\/media?parent=204"}],"curies":[{"name":"wp","href":"https:\/\/api.w.org\/{rel}","templated":true}]}}